{"id":40,"date":"2026-02-01T15:34:40","date_gmt":"2026-02-01T15:34:40","guid":{"rendered":"https:\/\/tamasiwaldorfovoda.hu\/wordpress\/index.php\/szervezeti-es-mukodesi-szabalyzat\/"},"modified":"2026-02-01T16:13:41","modified_gmt":"2026-02-01T16:13:41","slug":"szervezeti-es-mukodesi-szabalyzat","status":"publish","type":"page","link":"https:\/\/www.tamasiwaldorfovoda.hu\/index.php\/szervezeti-es-mukodesi-szabalyzat\/","title":{"rendered":"Szervezeti \u00e9s m\u0171k\u00f6d\u00e9si szab\u00e1lyzat"},"content":{"rendered":"\n<div class=\"wp-block-pdf-viewer-block-standard\" style=\"text-align:left\"><div class=\"uploaded-pdf\"><a href=\"https:\/\/tamasiwaldorfovoda.hu\/wp-content\/uploads\/2026\/02\/Szervezeti_es_mukodesi_szabalyzat_2024.pdf\" data-width=\"\" data-height=\"\"><\/a><\/div><\/div>\n","protected":false},"excerpt":{"rendered":"","protected":false},"author":2,"featured_media":0,"parent":0,"menu_order":0,"comment_status":"closed","ping_status":"closed","template":"","meta":{"_crdt_document":"","ngg_post_thumbnail":0,"footnotes":""},"class_list":["post-40","page","type-page","status-publish","hentry"],"yoast_head":"<!-- This site is optimized with the Yoast SEO plugin v27.5 - https:\/\/yoast.com\/product\/yoast-seo-wordpress\/ -->\n<title>Szervezeti \u00e9s m\u0171k\u00f6d\u00e9si szab\u00e1lyzat - Tam\u00e1si Waldorf \u00d3voda<\/title>\n<meta name=\"robots\" content=\"index, follow, max-snippet:-1, max-image-preview:large, max-video-preview:-1\" \/>\n<link rel=\"canonical\" href=\"https:\/\/www.tamasiwaldorfovoda.hu\/index.php\/szervezeti-es-mukodesi-szabalyzat\/\" \/>\n<meta property=\"og:locale\" content=\"hu_HU\" \/>\n<meta property=\"og:type\" content=\"article\" \/>\n<meta property=\"og:title\" content=\"Szervezeti \u00e9s m\u0171k\u00f6d\u00e9si szab\u00e1lyzat - Tam\u00e1si Waldorf \u00d3voda\" \/>\n<meta property=\"og:url\" content=\"https:\/\/www.tamasiwaldorfovoda.hu\/index.php\/szervezeti-es-mukodesi-szabalyzat\/\" \/>\n<meta property=\"og:site_name\" content=\"Tam\u00e1si Waldorf \u00d3voda\" \/>\n<meta property=\"article:modified_time\" content=\"2026-02-01T16:13:41+00:00\" \/>\n<meta name=\"twitter:card\" content=\"summary_large_image\" \/>\n<script type=\"application\/ld+json\" class=\"yoast-schema-graph\">{\"@context\":\"https:\\\/\\\/schema.org\",\"@graph\":[{\"@type\":\"WebPage\",\"@id\":\"https:\\\/\\\/www.tamasiwaldorfovoda.hu\\\/index.php\\\/szervezeti-es-mukodesi-szabalyzat\\\/\",\"url\":\"https:\\\/\\\/www.tamasiwaldorfovoda.hu\\\/index.php\\\/szervezeti-es-mukodesi-szabalyzat\\\/\",\"name\":\"Szervezeti \u00e9s m\u0171k\u00f6d\u00e9si szab\u00e1lyzat - Tam\u00e1si Waldorf \u00d3voda\",\"isPartOf\":{\"@id\":\"https:\\\/\\\/www.tamasiwaldorfovoda.hu\\\/#website\"},\"datePublished\":\"2026-02-01T15:34:40+00:00\",\"dateModified\":\"2026-02-01T16:13:41+00:00\",\"breadcrumb\":{\"@id\":\"https:\\\/\\\/www.tamasiwaldorfovoda.hu\\\/index.php\\\/szervezeti-es-mukodesi-szabalyzat\\\/#breadcrumb\"},\"inLanguage\":\"hu\",\"potentialAction\":[{\"@type\":\"ReadAction\",\"target\":[\"https:\\\/\\\/www.tamasiwaldorfovoda.hu\\\/index.php\\\/szervezeti-es-mukodesi-szabalyzat\\\/\"]}]},{\"@type\":\"BreadcrumbList\",\"@id\":\"https:\\\/\\\/www.tamasiwaldorfovoda.hu\\\/index.php\\\/szervezeti-es-mukodesi-szabalyzat\\\/#breadcrumb\",\"itemListElement\":[{\"@type\":\"ListItem\",\"position\":1,\"name\":\"Kezd\u0151lap\",\"item\":\"https:\\\/\\\/www.tamasiwaldorfovoda.hu\\\/\"},{\"@type\":\"ListItem\",\"position\":2,\"name\":\"Szervezeti \u00e9s m\u0171k\u00f6d\u00e9si szab\u00e1lyzat\"}]},{\"@type\":\"WebSite\",\"@id\":\"https:\\\/\\\/www.tamasiwaldorfovoda.hu\\\/#website\",\"url\":\"https:\\\/\\\/www.tamasiwaldorfovoda.hu\\\/\",\"name\":\"Tam\u00e1si Waldorf \u00d3voda\",\"description\":\"&quot;Minden egyes gyermek individualit\u00e1sa, \u00e9nje egyetlen \u00e9s egyszeri, megism\u00e9telhetetlen.&quot;\",\"publisher\":{\"@id\":\"https:\\\/\\\/www.tamasiwaldorfovoda.hu\\\/#organization\"},\"potentialAction\":[{\"@type\":\"SearchAction\",\"target\":{\"@type\":\"EntryPoint\",\"urlTemplate\":\"https:\\\/\\\/www.tamasiwaldorfovoda.hu\\\/?s={search_term_string}\"},\"query-input\":{\"@type\":\"PropertyValueSpecification\",\"valueRequired\":true,\"valueName\":\"search_term_string\"}}],\"inLanguage\":\"hu\"},{\"@type\":\"Organization\",\"@id\":\"https:\\\/\\\/www.tamasiwaldorfovoda.hu\\\/#organization\",\"name\":\"Tam\u00e1si Waldorf \u00d3voda\",\"url\":\"https:\\\/\\\/www.tamasiwaldorfovoda.hu\\\/\",\"logo\":{\"@type\":\"ImageObject\",\"inLanguage\":\"hu\",\"@id\":\"https:\\\/\\\/www.tamasiwaldorfovoda.hu\\\/#\\\/schema\\\/logo\\\/image\\\/\",\"url\":\"https:\\\/\\\/www.tamasiwaldorfovoda.hu\\\/wp-content\\\/uploads\\\/2026\\\/02\\\/two_logo.jpg\",\"contentUrl\":\"https:\\\/\\\/www.tamasiwaldorfovoda.hu\\\/wp-content\\\/uploads\\\/2026\\\/02\\\/two_logo.jpg\",\"width\":1104,\"height\":402,\"caption\":\"Tam\u00e1si Waldorf \u00d3voda\"},\"image\":{\"@id\":\"https:\\\/\\\/www.tamasiwaldorfovoda.hu\\\/#\\\/schema\\\/logo\\\/image\\\/\"}}]}<\/script>\n<!-- \/ Yoast SEO plugin. -->","yoast_head_json":{"title":"Szervezeti \u00e9s m\u0171k\u00f6d\u00e9si szab\u00e1lyzat - Tam\u00e1si Waldorf \u00d3voda","robots":{"index":"index","follow":"follow","max-snippet":"max-snippet:-1","max-image-preview":"max-image-preview:large","max-video-preview":"max-video-preview:-1"},"canonical":"https:\/\/www.tamasiwaldorfovoda.hu\/index.php\/szervezeti-es-mukodesi-szabalyzat\/","og_locale":"hu_HU","og_type":"article","og_title":"Szervezeti \u00e9s m\u0171k\u00f6d\u00e9si szab\u00e1lyzat - Tam\u00e1si Waldorf \u00d3voda","og_url":"https:\/\/www.tamasiwaldorfovoda.hu\/index.php\/szervezeti-es-mukodesi-szabalyzat\/","og_site_name":"Tam\u00e1si Waldorf \u00d3voda","article_modified_time":"2026-02-01T16:13:41+00:00","twitter_card":"summary_large_image","schema":{"@context":"https:\/\/schema.org","@graph":[{"@type":"WebPage","@id":"https:\/\/www.tamasiwaldorfovoda.hu\/index.php\/szervezeti-es-mukodesi-szabalyzat\/","url":"https:\/\/www.tamasiwaldorfovoda.hu\/index.php\/szervezeti-es-mukodesi-szabalyzat\/","name":"Szervezeti \u00e9s m\u0171k\u00f6d\u00e9si szab\u00e1lyzat - Tam\u00e1si Waldorf \u00d3voda","isPartOf":{"@id":"https:\/\/www.tamasiwaldorfovoda.hu\/#website"},"datePublished":"2026-02-01T15:34:40+00:00","dateModified":"2026-02-01T16:13:41+00:00","breadcrumb":{"@id":"https:\/\/www.tamasiwaldorfovoda.hu\/index.php\/szervezeti-es-mukodesi-szabalyzat\/#breadcrumb"},"inLanguage":"hu","potentialAction":[{"@type":"ReadAction","target":["https:\/\/www.tamasiwaldorfovoda.hu\/index.php\/szervezeti-es-mukodesi-szabalyzat\/"]}]},{"@type":"BreadcrumbList","@id":"https:\/\/www.tamasiwaldorfovoda.hu\/index.php\/szervezeti-es-mukodesi-szabalyzat\/#breadcrumb","itemListElement":[{"@type":"ListItem","position":1,"name":"Kezd\u0151lap","item":"https:\/\/www.tamasiwaldorfovoda.hu\/"},{"@type":"ListItem","position":2,"name":"Szervezeti \u00e9s m\u0171k\u00f6d\u00e9si szab\u00e1lyzat"}]},{"@type":"WebSite","@id":"https:\/\/www.tamasiwaldorfovoda.hu\/#website","url":"https:\/\/www.tamasiwaldorfovoda.hu\/","name":"Tam\u00e1si Waldorf \u00d3voda","description":"&quot;Minden egyes gyermek individualit\u00e1sa, \u00e9nje egyetlen \u00e9s egyszeri, megism\u00e9telhetetlen.&quot;","publisher":{"@id":"https:\/\/www.tamasiwaldorfovoda.hu\/#organization"},"potentialAction":[{"@type":"SearchAction","target":{"@type":"EntryPoint","urlTemplate":"https:\/\/www.tamasiwaldorfovoda.hu\/?s={search_term_string}"},"query-input":{"@type":"PropertyValueSpecification","valueRequired":true,"valueName":"search_term_string"}}],"inLanguage":"hu"},{"@type":"Organization","@id":"https:\/\/www.tamasiwaldorfovoda.hu\/#organization","name":"Tam\u00e1si Waldorf \u00d3voda","url":"https:\/\/www.tamasiwaldorfovoda.hu\/","logo":{"@type":"ImageObject","inLanguage":"hu","@id":"https:\/\/www.tamasiwaldorfovoda.hu\/#\/schema\/logo\/image\/","url":"https:\/\/www.tamasiwaldorfovoda.hu\/wp-content\/uploads\/2026\/02\/two_logo.jpg","contentUrl":"https:\/\/www.tamasiwaldorfovoda.hu\/wp-content\/uploads\/2026\/02\/two_logo.jpg","width":1104,"height":402,"caption":"Tam\u00e1si Waldorf \u00d3voda"},"image":{"@id":"https:\/\/www.tamasiwaldorfovoda.hu\/#\/schema\/logo\/image\/"}}]}},"_links":{"self":[{"href":"https:\/\/www.tamasiwaldorfovoda.hu\/index.php\/wp-json\/wp\/v2\/pages\/40","targetHints":{"allow":["GET"]}}],"collection":[{"href":"https:\/\/www.tamasiwaldorfovoda.hu\/index.php\/wp-json\/wp\/v2\/pages"}],"about":[{"href":"https:\/\/www.tamasiwaldorfovoda.hu\/index.php\/wp-json\/wp\/v2\/types\/page"}],"author":[{"embeddable":true,"href":"https:\/\/www.tamasiwaldorfovoda.hu\/index.php\/wp-json\/wp\/v2\/users\/2"}],"replies":[{"embeddable":true,"href":"https:\/\/www.tamasiwaldorfovoda.hu\/index.php\/wp-json\/wp\/v2\/comments?post=40"}],"version-history":[{"count":1,"href":"https:\/\/www.tamasiwaldorfovoda.hu\/index.php\/wp-json\/wp\/v2\/pages\/40\/revisions"}],"predecessor-version":[{"id":68,"href":"https:\/\/www.tamasiwaldorfovoda.hu\/index.php\/wp-json\/wp\/v2\/pages\/40\/revisions\/68"}],"wp:attachment":[{"href":"https:\/\/www.tamasiwaldorfovoda.hu\/index.php\/wp-json\/wp\/v2\/media?parent=40"}],"curies":[{"name":"wp","href":"https:\/\/api.w.org\/{rel}","templated":true}]}}