{"id":41,"date":"2026-02-01T15:35:18","date_gmt":"2026-02-01T15:35:18","guid":{"rendered":"https:\/\/tamasiwaldorfovoda.hu\/wordpress\/index.php\/penzugyi-adatszolgaltatas\/"},"modified":"2026-02-01T16:17:01","modified_gmt":"2026-02-01T16:17:01","slug":"penzugyi-adatszolgaltatas","status":"publish","type":"page","link":"https:\/\/www.tamasiwaldorfovoda.hu\/index.php\/penzugyi-adatszolgaltatas\/","title":{"rendered":"P\u00e9nz\u00fcgyi adatszolg\u00e1ltat\u00e1s"},"content":{"rendered":"\n<p class=\"wp-block-paragraph\">\u00d3vod\u00e1nk p\u00e9nz\u00fcgyi adatszolg\u00e1ltat\u00e1sa 2020 \u00e9v:<\/p>\n\n\n\n<div class=\"wp-block-pdf-viewer-block-standard\" style=\"text-align:left\"><div class=\"uploaded-pdf\"><a href=\"https:\/\/tamasiwaldorfovoda.hu\/wp-content\/uploads\/2026\/02\/2020_evi_pu_elszamolas.pdf\" data-width=\"\" data-height=\"\"><\/a><\/div><\/div>\n\n\n\n<hr class=\"wp-block-separator has-alpha-channel-opacity\"\/>\n\n\n\n<p class=\"wp-block-paragraph\">\u00d3vod\u00e1nk p\u00e9nz\u00fcgyi adatszolg\u00e1ltat\u00e1sa 2021 \u00e9v:<\/p>\n\n\n\n<div class=\"wp-block-pdf-viewer-block-standard\" style=\"text-align:left\"><div class=\"uploaded-pdf\"><a href=\"https:\/\/tamasiwaldorfovoda.hu\/wp-content\/uploads\/2026\/02\/2021_evi_pu_elszamolas.pdf\" data-width=\"\" data-height=\"\"><\/a><\/div><\/div>\n","protected":false},"excerpt":{"rendered":"<p>\u00d3vod\u00e1nk p\u00e9nz\u00fcgyi adatszolg\u00e1ltat\u00e1sa 2020 \u00e9v: \u00d3vod\u00e1nk p\u00e9nz\u00fcgyi adatszolg\u00e1ltat\u00e1sa 2021 \u00e9v:<\/p>\n","protected":false},"author":2,"featured_media":0,"parent":0,"menu_order":0,"comment_status":"closed","ping_status":"closed","template":"","meta":{"_crdt_document":"","ngg_post_thumbnail":0,"footnotes":""},"class_list":["post-41","page","type-page","status-publish","hentry"],"yoast_head":"<!-- This site is optimized with the Yoast SEO plugin v27.5 - https:\/\/yoast.com\/product\/yoast-seo-wordpress\/ -->\n<title>P\u00e9nz\u00fcgyi adatszolg\u00e1ltat\u00e1s - Tam\u00e1si Waldorf \u00d3voda<\/title>\n<meta name=\"robots\" content=\"index, follow, max-snippet:-1, max-image-preview:large, max-video-preview:-1\" \/>\n<link rel=\"canonical\" href=\"https:\/\/www.tamasiwaldorfovoda.hu\/index.php\/penzugyi-adatszolgaltatas\/\" \/>\n<meta property=\"og:locale\" content=\"hu_HU\" \/>\n<meta property=\"og:type\" content=\"article\" \/>\n<meta property=\"og:title\" content=\"P\u00e9nz\u00fcgyi adatszolg\u00e1ltat\u00e1s - Tam\u00e1si Waldorf \u00d3voda\" \/>\n<meta property=\"og:description\" content=\"\u00d3vod\u00e1nk p\u00e9nz\u00fcgyi adatszolg\u00e1ltat\u00e1sa 2020 \u00e9v: \u00d3vod\u00e1nk p\u00e9nz\u00fcgyi adatszolg\u00e1ltat\u00e1sa 2021 \u00e9v:\" \/>\n<meta property=\"og:url\" content=\"https:\/\/www.tamasiwaldorfovoda.hu\/index.php\/penzugyi-adatszolgaltatas\/\" \/>\n<meta property=\"og:site_name\" content=\"Tam\u00e1si Waldorf \u00d3voda\" \/>\n<meta property=\"article:modified_time\" content=\"2026-02-01T16:17:01+00:00\" \/>\n<meta name=\"twitter:card\" content=\"summary_large_image\" \/>\n<meta name=\"twitter:label1\" content=\"Becs\u00fclt olvas\u00e1si id\u0151\" \/>\n\t<meta name=\"twitter:data1\" content=\"1 perc\" \/>\n<script type=\"application\/ld+json\" class=\"yoast-schema-graph\">{\"@context\":\"https:\\\/\\\/schema.org\",\"@graph\":[{\"@type\":\"WebPage\",\"@id\":\"https:\\\/\\\/www.tamasiwaldorfovoda.hu\\\/index.php\\\/penzugyi-adatszolgaltatas\\\/\",\"url\":\"https:\\\/\\\/www.tamasiwaldorfovoda.hu\\\/index.php\\\/penzugyi-adatszolgaltatas\\\/\",\"name\":\"P\u00e9nz\u00fcgyi adatszolg\u00e1ltat\u00e1s - Tam\u00e1si Waldorf \u00d3voda\",\"isPartOf\":{\"@id\":\"https:\\\/\\\/www.tamasiwaldorfovoda.hu\\\/#website\"},\"datePublished\":\"2026-02-01T15:35:18+00:00\",\"dateModified\":\"2026-02-01T16:17:01+00:00\",\"breadcrumb\":{\"@id\":\"https:\\\/\\\/www.tamasiwaldorfovoda.hu\\\/index.php\\\/penzugyi-adatszolgaltatas\\\/#breadcrumb\"},\"inLanguage\":\"hu\",\"potentialAction\":[{\"@type\":\"ReadAction\",\"target\":[\"https:\\\/\\\/www.tamasiwaldorfovoda.hu\\\/index.php\\\/penzugyi-adatszolgaltatas\\\/\"]}]},{\"@type\":\"BreadcrumbList\",\"@id\":\"https:\\\/\\\/www.tamasiwaldorfovoda.hu\\\/index.php\\\/penzugyi-adatszolgaltatas\\\/#breadcrumb\",\"itemListElement\":[{\"@type\":\"ListItem\",\"position\":1,\"name\":\"Kezd\u0151lap\",\"item\":\"https:\\\/\\\/www.tamasiwaldorfovoda.hu\\\/\"},{\"@type\":\"ListItem\",\"position\":2,\"name\":\"P\u00e9nz\u00fcgyi adatszolg\u00e1ltat\u00e1s\"}]},{\"@type\":\"WebSite\",\"@id\":\"https:\\\/\\\/www.tamasiwaldorfovoda.hu\\\/#website\",\"url\":\"https:\\\/\\\/www.tamasiwaldorfovoda.hu\\\/\",\"name\":\"Tam\u00e1si Waldorf \u00d3voda\",\"description\":\"&quot;Minden egyes gyermek individualit\u00e1sa, \u00e9nje egyetlen \u00e9s egyszeri, megism\u00e9telhetetlen.&quot;\",\"publisher\":{\"@id\":\"https:\\\/\\\/www.tamasiwaldorfovoda.hu\\\/#organization\"},\"potentialAction\":[{\"@type\":\"SearchAction\",\"target\":{\"@type\":\"EntryPoint\",\"urlTemplate\":\"https:\\\/\\\/www.tamasiwaldorfovoda.hu\\\/?s={search_term_string}\"},\"query-input\":{\"@type\":\"PropertyValueSpecification\",\"valueRequired\":true,\"valueName\":\"search_term_string\"}}],\"inLanguage\":\"hu\"},{\"@type\":\"Organization\",\"@id\":\"https:\\\/\\\/www.tamasiwaldorfovoda.hu\\\/#organization\",\"name\":\"Tam\u00e1si Waldorf \u00d3voda\",\"url\":\"https:\\\/\\\/www.tamasiwaldorfovoda.hu\\\/\",\"logo\":{\"@type\":\"ImageObject\",\"inLanguage\":\"hu\",\"@id\":\"https:\\\/\\\/www.tamasiwaldorfovoda.hu\\\/#\\\/schema\\\/logo\\\/image\\\/\",\"url\":\"https:\\\/\\\/www.tamasiwaldorfovoda.hu\\\/wp-content\\\/uploads\\\/2026\\\/02\\\/two_logo.jpg\",\"contentUrl\":\"https:\\\/\\\/www.tamasiwaldorfovoda.hu\\\/wp-content\\\/uploads\\\/2026\\\/02\\\/two_logo.jpg\",\"width\":1104,\"height\":402,\"caption\":\"Tam\u00e1si Waldorf \u00d3voda\"},\"image\":{\"@id\":\"https:\\\/\\\/www.tamasiwaldorfovoda.hu\\\/#\\\/schema\\\/logo\\\/image\\\/\"}}]}<\/script>\n<!-- \/ Yoast SEO plugin. -->","yoast_head_json":{"title":"P\u00e9nz\u00fcgyi adatszolg\u00e1ltat\u00e1s - Tam\u00e1si Waldorf \u00d3voda","robots":{"index":"index","follow":"follow","max-snippet":"max-snippet:-1","max-image-preview":"max-image-preview:large","max-video-preview":"max-video-preview:-1"},"canonical":"https:\/\/www.tamasiwaldorfovoda.hu\/index.php\/penzugyi-adatszolgaltatas\/","og_locale":"hu_HU","og_type":"article","og_title":"P\u00e9nz\u00fcgyi adatszolg\u00e1ltat\u00e1s - Tam\u00e1si Waldorf \u00d3voda","og_description":"\u00d3vod\u00e1nk p\u00e9nz\u00fcgyi adatszolg\u00e1ltat\u00e1sa 2020 \u00e9v: \u00d3vod\u00e1nk p\u00e9nz\u00fcgyi adatszolg\u00e1ltat\u00e1sa 2021 \u00e9v:","og_url":"https:\/\/www.tamasiwaldorfovoda.hu\/index.php\/penzugyi-adatszolgaltatas\/","og_site_name":"Tam\u00e1si Waldorf \u00d3voda","article_modified_time":"2026-02-01T16:17:01+00:00","twitter_card":"summary_large_image","twitter_misc":{"Becs\u00fclt olvas\u00e1si id\u0151":"1 perc"},"schema":{"@context":"https:\/\/schema.org","@graph":[{"@type":"WebPage","@id":"https:\/\/www.tamasiwaldorfovoda.hu\/index.php\/penzugyi-adatszolgaltatas\/","url":"https:\/\/www.tamasiwaldorfovoda.hu\/index.php\/penzugyi-adatszolgaltatas\/","name":"P\u00e9nz\u00fcgyi adatszolg\u00e1ltat\u00e1s - Tam\u00e1si Waldorf \u00d3voda","isPartOf":{"@id":"https:\/\/www.tamasiwaldorfovoda.hu\/#website"},"datePublished":"2026-02-01T15:35:18+00:00","dateModified":"2026-02-01T16:17:01+00:00","breadcrumb":{"@id":"https:\/\/www.tamasiwaldorfovoda.hu\/index.php\/penzugyi-adatszolgaltatas\/#breadcrumb"},"inLanguage":"hu","potentialAction":[{"@type":"ReadAction","target":["https:\/\/www.tamasiwaldorfovoda.hu\/index.php\/penzugyi-adatszolgaltatas\/"]}]},{"@type":"BreadcrumbList","@id":"https:\/\/www.tamasiwaldorfovoda.hu\/index.php\/penzugyi-adatszolgaltatas\/#breadcrumb","itemListElement":[{"@type":"ListItem","position":1,"name":"Kezd\u0151lap","item":"https:\/\/www.tamasiwaldorfovoda.hu\/"},{"@type":"ListItem","position":2,"name":"P\u00e9nz\u00fcgyi adatszolg\u00e1ltat\u00e1s"}]},{"@type":"WebSite","@id":"https:\/\/www.tamasiwaldorfovoda.hu\/#website","url":"https:\/\/www.tamasiwaldorfovoda.hu\/","name":"Tam\u00e1si Waldorf \u00d3voda","description":"&quot;Minden egyes gyermek individualit\u00e1sa, \u00e9nje egyetlen \u00e9s egyszeri, megism\u00e9telhetetlen.&quot;","publisher":{"@id":"https:\/\/www.tamasiwaldorfovoda.hu\/#organization"},"potentialAction":[{"@type":"SearchAction","target":{"@type":"EntryPoint","urlTemplate":"https:\/\/www.tamasiwaldorfovoda.hu\/?s={search_term_string}"},"query-input":{"@type":"PropertyValueSpecification","valueRequired":true,"valueName":"search_term_string"}}],"inLanguage":"hu"},{"@type":"Organization","@id":"https:\/\/www.tamasiwaldorfovoda.hu\/#organization","name":"Tam\u00e1si Waldorf \u00d3voda","url":"https:\/\/www.tamasiwaldorfovoda.hu\/","logo":{"@type":"ImageObject","inLanguage":"hu","@id":"https:\/\/www.tamasiwaldorfovoda.hu\/#\/schema\/logo\/image\/","url":"https:\/\/www.tamasiwaldorfovoda.hu\/wp-content\/uploads\/2026\/02\/two_logo.jpg","contentUrl":"https:\/\/www.tamasiwaldorfovoda.hu\/wp-content\/uploads\/2026\/02\/two_logo.jpg","width":1104,"height":402,"caption":"Tam\u00e1si Waldorf \u00d3voda"},"image":{"@id":"https:\/\/www.tamasiwaldorfovoda.hu\/#\/schema\/logo\/image\/"}}]}},"_links":{"self":[{"href":"https:\/\/www.tamasiwaldorfovoda.hu\/index.php\/wp-json\/wp\/v2\/pages\/41","targetHints":{"allow":["GET"]}}],"collection":[{"href":"https:\/\/www.tamasiwaldorfovoda.hu\/index.php\/wp-json\/wp\/v2\/pages"}],"about":[{"href":"https:\/\/www.tamasiwaldorfovoda.hu\/index.php\/wp-json\/wp\/v2\/types\/page"}],"author":[{"embeddable":true,"href":"https:\/\/www.tamasiwaldorfovoda.hu\/index.php\/wp-json\/wp\/v2\/users\/2"}],"replies":[{"embeddable":true,"href":"https:\/\/www.tamasiwaldorfovoda.hu\/index.php\/wp-json\/wp\/v2\/comments?post=41"}],"version-history":[{"count":2,"href":"https:\/\/www.tamasiwaldorfovoda.hu\/index.php\/wp-json\/wp\/v2\/pages\/41\/revisions"}],"predecessor-version":[{"id":73,"href":"https:\/\/www.tamasiwaldorfovoda.hu\/index.php\/wp-json\/wp\/v2\/pages\/41\/revisions\/73"}],"wp:attachment":[{"href":"https:\/\/www.tamasiwaldorfovoda.hu\/index.php\/wp-json\/wp\/v2\/media?parent=41"}],"curies":[{"name":"wp","href":"https:\/\/api.w.org\/{rel}","templated":true}]}}