{"id":43,"date":"2026-02-01T15:35:56","date_gmt":"2026-02-01T15:35:56","guid":{"rendered":"https:\/\/tamasiwaldorfovoda.hu\/wordpress\/index.php\/tamogatoink\/"},"modified":"2026-02-01T16:26:25","modified_gmt":"2026-02-01T16:26:25","slug":"tamogatoink","status":"publish","type":"page","link":"https:\/\/www.tamasiwaldorfovoda.hu\/index.php\/tamogatoink\/","title":{"rendered":"T\u00e1mogat\u00f3ink"},"content":{"rendered":"\n<figure class=\"wp-block-image size-full\"><img loading=\"lazy\" decoding=\"async\" width=\"342\" height=\"147\" src=\"https:\/\/tamasiwaldorfovoda.hu\/wp-content\/uploads\/2026\/02\/tamogatoink_01.jpg\" alt=\"\" class=\"wp-image-77\" srcset=\"https:\/\/www.tamasiwaldorfovoda.hu\/wp-content\/uploads\/2026\/02\/tamogatoink_01.jpg 342w, https:\/\/www.tamasiwaldorfovoda.hu\/wp-content\/uploads\/2026\/02\/tamogatoink_01-300x129.jpg 300w\" sizes=\"auto, (max-width: 342px) 100vw, 342px\" \/><\/figure>\n\n\n\n<p class=\"wp-block-paragraph\"><a href=\"http:\/\/www.tambaukft.hu\/\" target=\"_blank\" rel=\"noreferrer noopener\"><strong>&nbsp;K\u00f3lya J\u00f3zsef &#8211; TAM-BAU Kft.<\/strong><\/a><\/p>\n\n\n\n<hr class=\"wp-block-separator has-alpha-channel-opacity\"\/>\n\n\n\n<figure class=\"wp-block-image size-full\"><img loading=\"lazy\" decoding=\"async\" width=\"580\" height=\"225\" src=\"https:\/\/tamasiwaldorfovoda.hu\/wp-content\/uploads\/2026\/02\/tamogatoink_02.jpg\" alt=\"\" class=\"wp-image-78\" srcset=\"https:\/\/www.tamasiwaldorfovoda.hu\/wp-content\/uploads\/2026\/02\/tamogatoink_02.jpg 580w, https:\/\/www.tamasiwaldorfovoda.hu\/wp-content\/uploads\/2026\/02\/tamogatoink_02-300x116.jpg 300w\" sizes=\"auto, (max-width: 580px) 100vw, 580px\" \/><\/figure>\n\n\n\n<p class=\"wp-block-paragraph\"><a href=\"http:\/\/www.kazandepo.hu\/\" target=\"_blank\" rel=\"noreferrer noopener\"><strong>&nbsp;Pech Tibor &#8211; Pech Ezermester \u00dczleth\u00e1z \u00e9s Tam\u00e1si T\u0171z-\u00c9p-Fa-KerT\u00fcz\u00e9p<\/strong><\/a><\/p>\n\n\n\n<hr class=\"wp-block-separator has-alpha-channel-opacity\"\/>\n\n\n\n<figure class=\"wp-block-image size-full\"><img loading=\"lazy\" decoding=\"async\" width=\"351\" height=\"79\" src=\"https:\/\/tamasiwaldorfovoda.hu\/wp-content\/uploads\/2026\/02\/tamogatoink_03.jpg\" alt=\"\" class=\"wp-image-79\" srcset=\"https:\/\/www.tamasiwaldorfovoda.hu\/wp-content\/uploads\/2026\/02\/tamogatoink_03.jpg 351w, https:\/\/www.tamasiwaldorfovoda.hu\/wp-content\/uploads\/2026\/02\/tamogatoink_03-300x68.jpg 300w\" sizes=\"auto, (max-width: 351px) 100vw, 351px\" \/><\/figure>\n\n\n\n<p class=\"wp-block-paragraph\"><a href=\"https:\/\/www.facebook.com\/holub.laszlo.98\" target=\"_blank\" rel=\"noreferrer noopener\"><strong>&nbsp;Holub L\u00e1szl\u00f3 &#8211; vir\u00e1gbolt<\/strong><\/a><\/p>\n\n\n\n<hr class=\"wp-block-separator has-alpha-channel-opacity\"\/>\n\n\n\n<figure class=\"wp-block-image size-full\"><img loading=\"lazy\" decoding=\"async\" width=\"250\" height=\"30\" src=\"https:\/\/tamasiwaldorfovoda.hu\/wp-content\/uploads\/2026\/02\/logo.jpg\" alt=\"\" class=\"wp-image-80\"\/><\/figure>\n\n\n\n<p class=\"wp-block-paragraph\"><a href=\"https:\/\/www.google.com\/search?q=computel+tam%C3%A1si&amp;source=lmns&amp;bih=635&amp;biw=1366&amp;hl=hu&amp;ved=2ahUKEwjCsYbXt6LqAhUMuaQKHT-vBrQQ_AUoAHoECAEQAA\" target=\"_blank\" rel=\"noreferrer noopener\"><strong><\/strong><\/a><\/p>\n\n\n\n<p class=\"wp-block-paragraph\"><a href=\"https:\/\/www.google.com\/search?q=computel+tam%C3%A1si&amp;source=lmns&amp;bih=635&amp;biw=1366&amp;hl=hu&amp;ved=2ahUKEwjCsYbXt6LqAhUMuaQKHT-vBrQQ_AUoAHoECAEQAA\" target=\"_blank\" rel=\"noreferrer noopener\"><strong>Compu-t3l &#8211; sz\u00e1m\u00edt\u00e1stechnika<\/strong><\/a><\/p>\n\n\n\n<hr class=\"wp-block-separator has-alpha-channel-opacity\"\/>\n\n\n\n<figure class=\"wp-block-image size-full\"><a href=\"http:\/\/www.itid.hu\" target=\"_blank\" rel=\" noreferrer noopener\"><img loading=\"lazy\" decoding=\"async\" width=\"300\" height=\"164\" src=\"https:\/\/tamasiwaldorfovoda.hu\/wp-content\/uploads\/2026\/02\/itid_logo_00-300x164-1.png\" alt=\"\" class=\"wp-image-81\"\/><\/a><\/figure>\n\n\n\n<p class=\"wp-block-paragraph\"><a href=\"http:\/\/itid.hu\" type=\"link\" id=\"itid.hu\" target=\"_blank\" rel=\"noreferrer noopener\">itid.hu &#8211; IT megold\u00e1sok neked.<\/a><\/p>\n\n\n\n<hr class=\"wp-block-separator has-alpha-channel-opacity\"\/>\n","protected":false},"excerpt":{"rendered":"<p>&nbsp;K\u00f3lya J\u00f3zsef &#8211; TAM-BAU Kft. &nbsp;Pech Tibor &#8211; Pech Ezermester \u00dczleth\u00e1z \u00e9s Tam\u00e1si T\u0171z-\u00c9p-Fa-KerT\u00fcz\u00e9p &nbsp;Holub L\u00e1szl\u00f3 &#8211; vir\u00e1gbolt Compu-t3l &#8211; sz\u00e1m\u00edt\u00e1stechnika itid.hu &#8211; IT megold\u00e1sok neked.<\/p>\n","protected":false},"author":2,"featured_media":0,"parent":0,"menu_order":0,"comment_status":"closed","ping_status":"closed","template":"","meta":{"_crdt_document":"","ngg_post_thumbnail":0,"footnotes":""},"class_list":["post-43","page","type-page","status-publish","hentry"],"yoast_head":"<!-- This site is optimized with the Yoast SEO plugin v27.5 - https:\/\/yoast.com\/product\/yoast-seo-wordpress\/ -->\n<title>T\u00e1mogat\u00f3ink - Tam\u00e1si Waldorf \u00d3voda<\/title>\n<meta name=\"robots\" content=\"index, follow, max-snippet:-1, max-image-preview:large, max-video-preview:-1\" \/>\n<link rel=\"canonical\" href=\"https:\/\/www.tamasiwaldorfovoda.hu\/index.php\/tamogatoink\/\" \/>\n<meta property=\"og:locale\" content=\"hu_HU\" \/>\n<meta property=\"og:type\" content=\"article\" \/>\n<meta property=\"og:title\" content=\"T\u00e1mogat\u00f3ink - Tam\u00e1si Waldorf \u00d3voda\" \/>\n<meta property=\"og:description\" content=\"&nbsp;K\u00f3lya J\u00f3zsef &#8211; TAM-BAU Kft. &nbsp;Pech Tibor &#8211; Pech Ezermester \u00dczleth\u00e1z \u00e9s Tam\u00e1si T\u0171z-\u00c9p-Fa-KerT\u00fcz\u00e9p &nbsp;Holub L\u00e1szl\u00f3 &#8211; vir\u00e1gbolt Compu-t3l &#8211; sz\u00e1m\u00edt\u00e1stechnika itid.hu &#8211; IT megold\u00e1sok neked.\" \/>\n<meta property=\"og:url\" content=\"https:\/\/www.tamasiwaldorfovoda.hu\/index.php\/tamogatoink\/\" \/>\n<meta property=\"og:site_name\" content=\"Tam\u00e1si Waldorf \u00d3voda\" \/>\n<meta property=\"article:modified_time\" content=\"2026-02-01T16:26:25+00:00\" \/>\n<meta property=\"og:image\" content=\"https:\/\/tamasiwaldorfovoda.hu\/wp-content\/uploads\/2026\/02\/tamogatoink_01.jpg\" \/>\n<meta name=\"twitter:card\" content=\"summary_large_image\" \/>\n<meta name=\"twitter:label1\" content=\"Becs\u00fclt olvas\u00e1si id\u0151\" \/>\n\t<meta name=\"twitter:data1\" content=\"2 perc\" \/>\n<script type=\"application\/ld+json\" class=\"yoast-schema-graph\">{\"@context\":\"https:\\\/\\\/schema.org\",\"@graph\":[{\"@type\":\"WebPage\",\"@id\":\"https:\\\/\\\/www.tamasiwaldorfovoda.hu\\\/index.php\\\/tamogatoink\\\/\",\"url\":\"https:\\\/\\\/www.tamasiwaldorfovoda.hu\\\/index.php\\\/tamogatoink\\\/\",\"name\":\"T\u00e1mogat\u00f3ink - Tam\u00e1si Waldorf \u00d3voda\",\"isPartOf\":{\"@id\":\"https:\\\/\\\/www.tamasiwaldorfovoda.hu\\\/#website\"},\"primaryImageOfPage\":{\"@id\":\"https:\\\/\\\/www.tamasiwaldorfovoda.hu\\\/index.php\\\/tamogatoink\\\/#primaryimage\"},\"image\":{\"@id\":\"https:\\\/\\\/www.tamasiwaldorfovoda.hu\\\/index.php\\\/tamogatoink\\\/#primaryimage\"},\"thumbnailUrl\":\"https:\\\/\\\/tamasiwaldorfovoda.hu\\\/wp-content\\\/uploads\\\/2026\\\/02\\\/tamogatoink_01.jpg\",\"datePublished\":\"2026-02-01T15:35:56+00:00\",\"dateModified\":\"2026-02-01T16:26:25+00:00\",\"breadcrumb\":{\"@id\":\"https:\\\/\\\/www.tamasiwaldorfovoda.hu\\\/index.php\\\/tamogatoink\\\/#breadcrumb\"},\"inLanguage\":\"hu\",\"potentialAction\":[{\"@type\":\"ReadAction\",\"target\":[\"https:\\\/\\\/www.tamasiwaldorfovoda.hu\\\/index.php\\\/tamogatoink\\\/\"]}]},{\"@type\":\"ImageObject\",\"inLanguage\":\"hu\",\"@id\":\"https:\\\/\\\/www.tamasiwaldorfovoda.hu\\\/index.php\\\/tamogatoink\\\/#primaryimage\",\"url\":\"https:\\\/\\\/tamasiwaldorfovoda.hu\\\/wp-content\\\/uploads\\\/2026\\\/02\\\/tamogatoink_01.jpg\",\"contentUrl\":\"https:\\\/\\\/tamasiwaldorfovoda.hu\\\/wp-content\\\/uploads\\\/2026\\\/02\\\/tamogatoink_01.jpg\"},{\"@type\":\"BreadcrumbList\",\"@id\":\"https:\\\/\\\/www.tamasiwaldorfovoda.hu\\\/index.php\\\/tamogatoink\\\/#breadcrumb\",\"itemListElement\":[{\"@type\":\"ListItem\",\"position\":1,\"name\":\"Kezd\u0151lap\",\"item\":\"https:\\\/\\\/www.tamasiwaldorfovoda.hu\\\/\"},{\"@type\":\"ListItem\",\"position\":2,\"name\":\"T\u00e1mogat\u00f3ink\"}]},{\"@type\":\"WebSite\",\"@id\":\"https:\\\/\\\/www.tamasiwaldorfovoda.hu\\\/#website\",\"url\":\"https:\\\/\\\/www.tamasiwaldorfovoda.hu\\\/\",\"name\":\"Tam\u00e1si Waldorf \u00d3voda\",\"description\":\"&quot;Minden egyes gyermek individualit\u00e1sa, \u00e9nje egyetlen \u00e9s egyszeri, megism\u00e9telhetetlen.&quot;\",\"publisher\":{\"@id\":\"https:\\\/\\\/www.tamasiwaldorfovoda.hu\\\/#organization\"},\"potentialAction\":[{\"@type\":\"SearchAction\",\"target\":{\"@type\":\"EntryPoint\",\"urlTemplate\":\"https:\\\/\\\/www.tamasiwaldorfovoda.hu\\\/?s={search_term_string}\"},\"query-input\":{\"@type\":\"PropertyValueSpecification\",\"valueRequired\":true,\"valueName\":\"search_term_string\"}}],\"inLanguage\":\"hu\"},{\"@type\":\"Organization\",\"@id\":\"https:\\\/\\\/www.tamasiwaldorfovoda.hu\\\/#organization\",\"name\":\"Tam\u00e1si Waldorf \u00d3voda\",\"url\":\"https:\\\/\\\/www.tamasiwaldorfovoda.hu\\\/\",\"logo\":{\"@type\":\"ImageObject\",\"inLanguage\":\"hu\",\"@id\":\"https:\\\/\\\/www.tamasiwaldorfovoda.hu\\\/#\\\/schema\\\/logo\\\/image\\\/\",\"url\":\"https:\\\/\\\/www.tamasiwaldorfovoda.hu\\\/wp-content\\\/uploads\\\/2026\\\/02\\\/two_logo.jpg\",\"contentUrl\":\"https:\\\/\\\/www.tamasiwaldorfovoda.hu\\\/wp-content\\\/uploads\\\/2026\\\/02\\\/two_logo.jpg\",\"width\":1104,\"height\":402,\"caption\":\"Tam\u00e1si Waldorf \u00d3voda\"},\"image\":{\"@id\":\"https:\\\/\\\/www.tamasiwaldorfovoda.hu\\\/#\\\/schema\\\/logo\\\/image\\\/\"}}]}<\/script>\n<!-- \/ Yoast SEO plugin. -->","yoast_head_json":{"title":"T\u00e1mogat\u00f3ink - Tam\u00e1si Waldorf \u00d3voda","robots":{"index":"index","follow":"follow","max-snippet":"max-snippet:-1","max-image-preview":"max-image-preview:large","max-video-preview":"max-video-preview:-1"},"canonical":"https:\/\/www.tamasiwaldorfovoda.hu\/index.php\/tamogatoink\/","og_locale":"hu_HU","og_type":"article","og_title":"T\u00e1mogat\u00f3ink - Tam\u00e1si Waldorf \u00d3voda","og_description":"&nbsp;K\u00f3lya J\u00f3zsef &#8211; TAM-BAU Kft. &nbsp;Pech Tibor &#8211; Pech Ezermester \u00dczleth\u00e1z \u00e9s Tam\u00e1si T\u0171z-\u00c9p-Fa-KerT\u00fcz\u00e9p &nbsp;Holub L\u00e1szl\u00f3 &#8211; vir\u00e1gbolt Compu-t3l &#8211; sz\u00e1m\u00edt\u00e1stechnika itid.hu &#8211; IT megold\u00e1sok neked.","og_url":"https:\/\/www.tamasiwaldorfovoda.hu\/index.php\/tamogatoink\/","og_site_name":"Tam\u00e1si Waldorf \u00d3voda","article_modified_time":"2026-02-01T16:26:25+00:00","og_image":[{"url":"https:\/\/tamasiwaldorfovoda.hu\/wp-content\/uploads\/2026\/02\/tamogatoink_01.jpg","type":"","width":"","height":""}],"twitter_card":"summary_large_image","twitter_misc":{"Becs\u00fclt olvas\u00e1si id\u0151":"2 perc"},"schema":{"@context":"https:\/\/schema.org","@graph":[{"@type":"WebPage","@id":"https:\/\/www.tamasiwaldorfovoda.hu\/index.php\/tamogatoink\/","url":"https:\/\/www.tamasiwaldorfovoda.hu\/index.php\/tamogatoink\/","name":"T\u00e1mogat\u00f3ink - Tam\u00e1si Waldorf \u00d3voda","isPartOf":{"@id":"https:\/\/www.tamasiwaldorfovoda.hu\/#website"},"primaryImageOfPage":{"@id":"https:\/\/www.tamasiwaldorfovoda.hu\/index.php\/tamogatoink\/#primaryimage"},"image":{"@id":"https:\/\/www.tamasiwaldorfovoda.hu\/index.php\/tamogatoink\/#primaryimage"},"thumbnailUrl":"https:\/\/tamasiwaldorfovoda.hu\/wp-content\/uploads\/2026\/02\/tamogatoink_01.jpg","datePublished":"2026-02-01T15:35:56+00:00","dateModified":"2026-02-01T16:26:25+00:00","breadcrumb":{"@id":"https:\/\/www.tamasiwaldorfovoda.hu\/index.php\/tamogatoink\/#breadcrumb"},"inLanguage":"hu","potentialAction":[{"@type":"ReadAction","target":["https:\/\/www.tamasiwaldorfovoda.hu\/index.php\/tamogatoink\/"]}]},{"@type":"ImageObject","inLanguage":"hu","@id":"https:\/\/www.tamasiwaldorfovoda.hu\/index.php\/tamogatoink\/#primaryimage","url":"https:\/\/tamasiwaldorfovoda.hu\/wp-content\/uploads\/2026\/02\/tamogatoink_01.jpg","contentUrl":"https:\/\/tamasiwaldorfovoda.hu\/wp-content\/uploads\/2026\/02\/tamogatoink_01.jpg"},{"@type":"BreadcrumbList","@id":"https:\/\/www.tamasiwaldorfovoda.hu\/index.php\/tamogatoink\/#breadcrumb","itemListElement":[{"@type":"ListItem","position":1,"name":"Kezd\u0151lap","item":"https:\/\/www.tamasiwaldorfovoda.hu\/"},{"@type":"ListItem","position":2,"name":"T\u00e1mogat\u00f3ink"}]},{"@type":"WebSite","@id":"https:\/\/www.tamasiwaldorfovoda.hu\/#website","url":"https:\/\/www.tamasiwaldorfovoda.hu\/","name":"Tam\u00e1si Waldorf \u00d3voda","description":"&quot;Minden egyes gyermek individualit\u00e1sa, \u00e9nje egyetlen \u00e9s egyszeri, megism\u00e9telhetetlen.&quot;","publisher":{"@id":"https:\/\/www.tamasiwaldorfovoda.hu\/#organization"},"potentialAction":[{"@type":"SearchAction","target":{"@type":"EntryPoint","urlTemplate":"https:\/\/www.tamasiwaldorfovoda.hu\/?s={search_term_string}"},"query-input":{"@type":"PropertyValueSpecification","valueRequired":true,"valueName":"search_term_string"}}],"inLanguage":"hu"},{"@type":"Organization","@id":"https:\/\/www.tamasiwaldorfovoda.hu\/#organization","name":"Tam\u00e1si Waldorf \u00d3voda","url":"https:\/\/www.tamasiwaldorfovoda.hu\/","logo":{"@type":"ImageObject","inLanguage":"hu","@id":"https:\/\/www.tamasiwaldorfovoda.hu\/#\/schema\/logo\/image\/","url":"https:\/\/www.tamasiwaldorfovoda.hu\/wp-content\/uploads\/2026\/02\/two_logo.jpg","contentUrl":"https:\/\/www.tamasiwaldorfovoda.hu\/wp-content\/uploads\/2026\/02\/two_logo.jpg","width":1104,"height":402,"caption":"Tam\u00e1si Waldorf \u00d3voda"},"image":{"@id":"https:\/\/www.tamasiwaldorfovoda.hu\/#\/schema\/logo\/image\/"}}]}},"_links":{"self":[{"href":"https:\/\/www.tamasiwaldorfovoda.hu\/index.php\/wp-json\/wp\/v2\/pages\/43","targetHints":{"allow":["GET"]}}],"collection":[{"href":"https:\/\/www.tamasiwaldorfovoda.hu\/index.php\/wp-json\/wp\/v2\/pages"}],"about":[{"href":"https:\/\/www.tamasiwaldorfovoda.hu\/index.php\/wp-json\/wp\/v2\/types\/page"}],"author":[{"embeddable":true,"href":"https:\/\/www.tamasiwaldorfovoda.hu\/index.php\/wp-json\/wp\/v2\/users\/2"}],"replies":[{"embeddable":true,"href":"https:\/\/www.tamasiwaldorfovoda.hu\/index.php\/wp-json\/wp\/v2\/comments?post=43"}],"version-history":[{"count":2,"href":"https:\/\/www.tamasiwaldorfovoda.hu\/index.php\/wp-json\/wp\/v2\/pages\/43\/revisions"}],"predecessor-version":[{"id":83,"href":"https:\/\/www.tamasiwaldorfovoda.hu\/index.php\/wp-json\/wp\/v2\/pages\/43\/revisions\/83"}],"wp:attachment":[{"href":"https:\/\/www.tamasiwaldorfovoda.hu\/index.php\/wp-json\/wp\/v2\/media?parent=43"}],"curies":[{"name":"wp","href":"https:\/\/api.w.org\/{rel}","templated":true}]}}