{"id":45,"date":"2026-02-01T15:39:52","date_gmt":"2026-02-01T15:39:52","guid":{"rendered":"https:\/\/tamasiwaldorfovoda.hu\/wordpress\/?page_id=45"},"modified":"2026-02-01T16:39:33","modified_gmt":"2026-02-01T16:39:33","slug":"napi-ritmus","status":"publish","type":"page","link":"https:\/\/www.tamasiwaldorfovoda.hu\/index.php\/napi-ritmus\/","title":{"rendered":"Napi ritmus"},"content":{"rendered":"\n<div class=\"wp-block-group is-layout-grid wp-container-core-group-is-layout-0d5c60d9 wp-block-group-is-layout-grid\">\n<p class=\"wp-block-paragraph\"><strong>Szabad j\u00e1t\u00e9k<\/strong><\/p>\n\n\n\n<p class=\"wp-block-paragraph\"><strong>T\u00edz\u00f3rai k\u00e9sz\u00edt\u00e9s<\/strong><\/p>\n\n\n\n<p class=\"wp-block-paragraph\"><strong>Munka jelleg\u0171 feladatok<\/strong><\/p>\n\n\n\n<figure class=\"wp-block-image size-full\"><img loading=\"lazy\" decoding=\"async\" width=\"466\" height=\"338\" src=\"https:\/\/tamasiwaldorfovoda.hu\/wp-content\/uploads\/2026\/02\/napi_ritmus_01.jpg\" alt=\"\" class=\"wp-image-94\" srcset=\"https:\/\/www.tamasiwaldorfovoda.hu\/wp-content\/uploads\/2026\/02\/napi_ritmus_01.jpg 466w, https:\/\/www.tamasiwaldorfovoda.hu\/wp-content\/uploads\/2026\/02\/napi_ritmus_01-300x218.jpg 300w\" sizes=\"auto, (max-width: 466px) 100vw, 466px\" \/><\/figure>\n\n\n\n<figure class=\"wp-block-image size-full\"><img loading=\"lazy\" decoding=\"async\" width=\"390\" height=\"516\" src=\"https:\/\/tamasiwaldorfovoda.hu\/wp-content\/uploads\/2026\/02\/napi_ritmus_02.jpg\" alt=\"\" class=\"wp-image-95\" srcset=\"https:\/\/www.tamasiwaldorfovoda.hu\/wp-content\/uploads\/2026\/02\/napi_ritmus_02.jpg 390w, https:\/\/www.tamasiwaldorfovoda.hu\/wp-content\/uploads\/2026\/02\/napi_ritmus_02-227x300.jpg 227w\" sizes=\"auto, (max-width: 390px) 100vw, 390px\" \/><\/figure>\n\n\n\n<figure class=\"wp-block-image size-full\"><img loading=\"lazy\" decoding=\"async\" width=\"371\" height=\"467\" src=\"https:\/\/tamasiwaldorfovoda.hu\/wp-content\/uploads\/2026\/02\/napi_ritmus_03.jpg\" alt=\"\" class=\"wp-image-96\" srcset=\"https:\/\/www.tamasiwaldorfovoda.hu\/wp-content\/uploads\/2026\/02\/napi_ritmus_03.jpg 371w, https:\/\/www.tamasiwaldorfovoda.hu\/wp-content\/uploads\/2026\/02\/napi_ritmus_03-238x300.jpg 238w\" sizes=\"auto, (max-width: 371px) 100vw, 371px\" \/><\/figure>\n\n\n\n<p class=\"wp-block-paragraph\"><strong>Reggeli k\u00f6r<\/strong><\/p>\n\n\n\n<p class=\"wp-block-paragraph\"><strong>Udvari tev\u00e9kenys\u00e9g<\/strong><\/p>\n\n\n\n<p class=\"wp-block-paragraph\"><strong>Erd\u0151j\u00e1r\u00e1s<\/strong><\/p>\n\n\n\n<figure class=\"wp-block-image size-full\"><img loading=\"lazy\" decoding=\"async\" width=\"462\" height=\"346\" src=\"https:\/\/tamasiwaldorfovoda.hu\/wp-content\/uploads\/2026\/02\/napi_ritmus_04.jpg\" alt=\"\" class=\"wp-image-97\" srcset=\"https:\/\/www.tamasiwaldorfovoda.hu\/wp-content\/uploads\/2026\/02\/napi_ritmus_04.jpg 462w, https:\/\/www.tamasiwaldorfovoda.hu\/wp-content\/uploads\/2026\/02\/napi_ritmus_04-300x225.jpg 300w\" sizes=\"auto, (max-width: 462px) 100vw, 462px\" \/><\/figure>\n\n\n\n<figure class=\"wp-block-image size-full\"><img loading=\"lazy\" decoding=\"async\" width=\"477\" height=\"563\" src=\"https:\/\/tamasiwaldorfovoda.hu\/wp-content\/uploads\/2026\/02\/napi_ritmus_05.jpg\" alt=\"\" class=\"wp-image-98\" srcset=\"https:\/\/www.tamasiwaldorfovoda.hu\/wp-content\/uploads\/2026\/02\/napi_ritmus_05.jpg 477w, https:\/\/www.tamasiwaldorfovoda.hu\/wp-content\/uploads\/2026\/02\/napi_ritmus_05-254x300.jpg 254w\" sizes=\"auto, (max-width: 477px) 100vw, 477px\" \/><\/figure>\n\n\n\n<figure class=\"wp-block-image size-full\"><img loading=\"lazy\" decoding=\"async\" width=\"477\" height=\"346\" src=\"https:\/\/tamasiwaldorfovoda.hu\/wp-content\/uploads\/2026\/02\/napi_ritmus_06.jpg\" alt=\"\" class=\"wp-image-99\" srcset=\"https:\/\/www.tamasiwaldorfovoda.hu\/wp-content\/uploads\/2026\/02\/napi_ritmus_06.jpg 477w, https:\/\/www.tamasiwaldorfovoda.hu\/wp-content\/uploads\/2026\/02\/napi_ritmus_06-300x218.jpg 300w\" sizes=\"auto, (max-width: 477px) 100vw, 477px\" \/><\/figure>\n\n\n\n<p class=\"wp-block-paragraph\"><strong>Mese-dramatikus j\u00e1t\u00e9k<\/strong><\/p>\n\n\n\n<p class=\"wp-block-paragraph\"><strong>M\u0171v\u00e9szeti tev\u00e9kenys\u00e9gek<\/strong><\/p>\n\n\n\n<p class=\"wp-block-paragraph\"><strong>Term\u00e9nybetakar\u00edt\u00e1s<\/strong><\/p>\n\n\n\n<figure class=\"wp-block-image size-full\"><img loading=\"lazy\" decoding=\"async\" width=\"348\" height=\"436\" src=\"https:\/\/tamasiwaldorfovoda.hu\/wp-content\/uploads\/2026\/02\/napi_ritmus_07.jpg\" alt=\"\" class=\"wp-image-100\" srcset=\"https:\/\/www.tamasiwaldorfovoda.hu\/wp-content\/uploads\/2026\/02\/napi_ritmus_07.jpg 348w, https:\/\/www.tamasiwaldorfovoda.hu\/wp-content\/uploads\/2026\/02\/napi_ritmus_07-239x300.jpg 239w\" sizes=\"auto, (max-width: 348px) 100vw, 348px\" \/><\/figure>\n\n\n\n<figure class=\"wp-block-image size-full\"><img loading=\"lazy\" decoding=\"async\" width=\"443\" height=\"545\" src=\"https:\/\/tamasiwaldorfovoda.hu\/wp-content\/uploads\/2026\/02\/napi_ritmus_08.jpg\" alt=\"\" class=\"wp-image-101\" srcset=\"https:\/\/www.tamasiwaldorfovoda.hu\/wp-content\/uploads\/2026\/02\/napi_ritmus_08.jpg 443w, https:\/\/www.tamasiwaldorfovoda.hu\/wp-content\/uploads\/2026\/02\/napi_ritmus_08-244x300.jpg 244w\" sizes=\"auto, (max-width: 443px) 100vw, 443px\" \/><\/figure>\n\n\n\n<figure class=\"wp-block-image size-full\"><img loading=\"lazy\" decoding=\"async\" width=\"480\" height=\"355\" src=\"https:\/\/tamasiwaldorfovoda.hu\/wp-content\/uploads\/2026\/02\/napi_ritmus_09.jpg\" alt=\"\" class=\"wp-image-102\" srcset=\"https:\/\/www.tamasiwaldorfovoda.hu\/wp-content\/uploads\/2026\/02\/napi_ritmus_09.jpg 480w, https:\/\/www.tamasiwaldorfovoda.hu\/wp-content\/uploads\/2026\/02\/napi_ritmus_09-300x222.jpg 300w\" sizes=\"auto, (max-width: 480px) 100vw, 480px\" \/><\/figure>\n<\/div>\n\n\n\n<p class=\"wp-block-paragraph\"><strong>A heti \u00e9s napi feladataink az \u00e9vk\u00f6rnek megfelel\u0151 tev\u00e9kenys\u00e9gekkel kieg\u00e9sz\u00fcl.<\/strong><\/p>\n\n\n\n<p class=\"wp-block-paragraph\"><strong>A gyermekek sz\u00fclet\u00e9snapj\u00e1t n\u00e9gy \u00e9ves kort\u00f3l \u00fcnnepelj\u00fck.<\/strong><\/p>\n\n\n\n<div class=\"wp-block-group is-layout-grid wp-container-core-group-is-layout-0d5c60d9 wp-block-group-is-layout-grid\">\n<figure class=\"wp-block-image size-full\"><img loading=\"lazy\" decoding=\"async\" width=\"374\" height=\"499\" src=\"https:\/\/tamasiwaldorfovoda.hu\/wp-content\/uploads\/2026\/02\/napi_ritmus_10.jpg\" alt=\"\" class=\"wp-image-103\" srcset=\"https:\/\/www.tamasiwaldorfovoda.hu\/wp-content\/uploads\/2026\/02\/napi_ritmus_10.jpg 374w, https:\/\/www.tamasiwaldorfovoda.hu\/wp-content\/uploads\/2026\/02\/napi_ritmus_10-225x300.jpg 225w\" sizes=\"auto, (max-width: 374px) 100vw, 374px\" \/><\/figure>\n\n\n\n<figure class=\"wp-block-image size-full\"><img loading=\"lazy\" decoding=\"async\" width=\"374\" height=\"499\" src=\"https:\/\/tamasiwaldorfovoda.hu\/wp-content\/uploads\/2026\/02\/napi_ritmus_11.jpg\" alt=\"\" class=\"wp-image-104\" srcset=\"https:\/\/www.tamasiwaldorfovoda.hu\/wp-content\/uploads\/2026\/02\/napi_ritmus_11.jpg 374w, https:\/\/www.tamasiwaldorfovoda.hu\/wp-content\/uploads\/2026\/02\/napi_ritmus_11-225x300.jpg 225w\" sizes=\"auto, (max-width: 374px) 100vw, 374px\" \/><\/figure>\n\n\n\n<figure class=\"wp-block-image size-full\"><img loading=\"lazy\" decoding=\"async\" width=\"374\" height=\"499\" src=\"https:\/\/tamasiwaldorfovoda.hu\/wp-content\/uploads\/2026\/02\/napi_ritmus_12.jpg\" alt=\"\" class=\"wp-image-105\" srcset=\"https:\/\/www.tamasiwaldorfovoda.hu\/wp-content\/uploads\/2026\/02\/napi_ritmus_12.jpg 374w, https:\/\/www.tamasiwaldorfovoda.hu\/wp-content\/uploads\/2026\/02\/napi_ritmus_12-225x300.jpg 225w\" sizes=\"auto, (max-width: 374px) 100vw, 374px\" \/><\/figure>\n<\/div>\n","protected":false},"excerpt":{"rendered":"<p>Szabad j\u00e1t\u00e9k T\u00edz\u00f3rai k\u00e9sz\u00edt\u00e9s Munka jelleg\u0171 feladatok Reggeli k\u00f6r Udvari tev\u00e9kenys\u00e9g Erd\u0151j\u00e1r\u00e1s Mese-dramatikus j\u00e1t\u00e9k M\u0171v\u00e9szeti tev\u00e9kenys\u00e9gek Term\u00e9nybetakar\u00edt\u00e1s A heti \u00e9s napi feladataink az \u00e9vk\u00f6rnek megfelel\u0151 tev\u00e9kenys\u00e9gekkel kieg\u00e9sz\u00fcl. A gyermekek sz\u00fclet\u00e9snapj\u00e1t n\u00e9gy \u00e9ves kort\u00f3l \u00fcnnepelj\u00fck.<\/p>\n","protected":false},"author":2,"featured_media":0,"parent":0,"menu_order":0,"comment_status":"closed","ping_status":"closed","template":"","meta":{"_crdt_document":"","ngg_post_thumbnail":0,"footnotes":""},"class_list":["post-45","page","type-page","status-publish","hentry"],"yoast_head":"<!-- This site is optimized with the Yoast SEO plugin v27.5 - https:\/\/yoast.com\/product\/yoast-seo-wordpress\/ -->\n<title>Napi ritmus - Tam\u00e1si Waldorf \u00d3voda<\/title>\n<meta name=\"robots\" content=\"index, follow, max-snippet:-1, max-image-preview:large, max-video-preview:-1\" \/>\n<link rel=\"canonical\" href=\"https:\/\/www.tamasiwaldorfovoda.hu\/index.php\/napi-ritmus\/\" \/>\n<meta property=\"og:locale\" content=\"hu_HU\" \/>\n<meta property=\"og:type\" content=\"article\" \/>\n<meta property=\"og:title\" content=\"Napi ritmus - Tam\u00e1si Waldorf \u00d3voda\" \/>\n<meta property=\"og:description\" content=\"Szabad j\u00e1t\u00e9k T\u00edz\u00f3rai k\u00e9sz\u00edt\u00e9s Munka jelleg\u0171 feladatok Reggeli k\u00f6r Udvari tev\u00e9kenys\u00e9g Erd\u0151j\u00e1r\u00e1s Mese-dramatikus j\u00e1t\u00e9k M\u0171v\u00e9szeti tev\u00e9kenys\u00e9gek Term\u00e9nybetakar\u00edt\u00e1s A heti \u00e9s napi feladataink az \u00e9vk\u00f6rnek megfelel\u0151 tev\u00e9kenys\u00e9gekkel kieg\u00e9sz\u00fcl. A gyermekek sz\u00fclet\u00e9snapj\u00e1t n\u00e9gy \u00e9ves kort\u00f3l \u00fcnnepelj\u00fck.\" \/>\n<meta property=\"og:url\" content=\"https:\/\/www.tamasiwaldorfovoda.hu\/index.php\/napi-ritmus\/\" \/>\n<meta property=\"og:site_name\" content=\"Tam\u00e1si Waldorf \u00d3voda\" \/>\n<meta property=\"article:modified_time\" content=\"2026-02-01T16:39:33+00:00\" \/>\n<meta property=\"og:image\" content=\"https:\/\/tamasiwaldorfovoda.hu\/wp-content\/uploads\/2026\/02\/napi_ritmus_01.jpg\" \/>\n<meta name=\"twitter:card\" content=\"summary_large_image\" \/>\n<meta name=\"twitter:label1\" content=\"Becs\u00fclt olvas\u00e1si id\u0151\" \/>\n\t<meta name=\"twitter:data1\" content=\"3 perc\" \/>\n<script type=\"application\/ld+json\" class=\"yoast-schema-graph\">{\"@context\":\"https:\\\/\\\/schema.org\",\"@graph\":[{\"@type\":\"WebPage\",\"@id\":\"https:\\\/\\\/www.tamasiwaldorfovoda.hu\\\/index.php\\\/napi-ritmus\\\/\",\"url\":\"https:\\\/\\\/www.tamasiwaldorfovoda.hu\\\/index.php\\\/napi-ritmus\\\/\",\"name\":\"Napi ritmus - Tam\u00e1si Waldorf \u00d3voda\",\"isPartOf\":{\"@id\":\"https:\\\/\\\/www.tamasiwaldorfovoda.hu\\\/#website\"},\"primaryImageOfPage\":{\"@id\":\"https:\\\/\\\/www.tamasiwaldorfovoda.hu\\\/index.php\\\/napi-ritmus\\\/#primaryimage\"},\"image\":{\"@id\":\"https:\\\/\\\/www.tamasiwaldorfovoda.hu\\\/index.php\\\/napi-ritmus\\\/#primaryimage\"},\"thumbnailUrl\":\"https:\\\/\\\/tamasiwaldorfovoda.hu\\\/wp-content\\\/uploads\\\/2026\\\/02\\\/napi_ritmus_01.jpg\",\"datePublished\":\"2026-02-01T15:39:52+00:00\",\"dateModified\":\"2026-02-01T16:39:33+00:00\",\"breadcrumb\":{\"@id\":\"https:\\\/\\\/www.tamasiwaldorfovoda.hu\\\/index.php\\\/napi-ritmus\\\/#breadcrumb\"},\"inLanguage\":\"hu\",\"potentialAction\":[{\"@type\":\"ReadAction\",\"target\":[\"https:\\\/\\\/www.tamasiwaldorfovoda.hu\\\/index.php\\\/napi-ritmus\\\/\"]}]},{\"@type\":\"ImageObject\",\"inLanguage\":\"hu\",\"@id\":\"https:\\\/\\\/www.tamasiwaldorfovoda.hu\\\/index.php\\\/napi-ritmus\\\/#primaryimage\",\"url\":\"https:\\\/\\\/tamasiwaldorfovoda.hu\\\/wp-content\\\/uploads\\\/2026\\\/02\\\/napi_ritmus_01.jpg\",\"contentUrl\":\"https:\\\/\\\/tamasiwaldorfovoda.hu\\\/wp-content\\\/uploads\\\/2026\\\/02\\\/napi_ritmus_01.jpg\"},{\"@type\":\"BreadcrumbList\",\"@id\":\"https:\\\/\\\/www.tamasiwaldorfovoda.hu\\\/index.php\\\/napi-ritmus\\\/#breadcrumb\",\"itemListElement\":[{\"@type\":\"ListItem\",\"position\":1,\"name\":\"Kezd\u0151lap\",\"item\":\"https:\\\/\\\/www.tamasiwaldorfovoda.hu\\\/\"},{\"@type\":\"ListItem\",\"position\":2,\"name\":\"Napi ritmus\"}]},{\"@type\":\"WebSite\",\"@id\":\"https:\\\/\\\/www.tamasiwaldorfovoda.hu\\\/#website\",\"url\":\"https:\\\/\\\/www.tamasiwaldorfovoda.hu\\\/\",\"name\":\"Tam\u00e1si Waldorf \u00d3voda\",\"description\":\"&quot;Minden egyes gyermek individualit\u00e1sa, \u00e9nje egyetlen \u00e9s egyszeri, megism\u00e9telhetetlen.&quot;\",\"publisher\":{\"@id\":\"https:\\\/\\\/www.tamasiwaldorfovoda.hu\\\/#organization\"},\"potentialAction\":[{\"@type\":\"SearchAction\",\"target\":{\"@type\":\"EntryPoint\",\"urlTemplate\":\"https:\\\/\\\/www.tamasiwaldorfovoda.hu\\\/?s={search_term_string}\"},\"query-input\":{\"@type\":\"PropertyValueSpecification\",\"valueRequired\":true,\"valueName\":\"search_term_string\"}}],\"inLanguage\":\"hu\"},{\"@type\":\"Organization\",\"@id\":\"https:\\\/\\\/www.tamasiwaldorfovoda.hu\\\/#organization\",\"name\":\"Tam\u00e1si Waldorf \u00d3voda\",\"url\":\"https:\\\/\\\/www.tamasiwaldorfovoda.hu\\\/\",\"logo\":{\"@type\":\"ImageObject\",\"inLanguage\":\"hu\",\"@id\":\"https:\\\/\\\/www.tamasiwaldorfovoda.hu\\\/#\\\/schema\\\/logo\\\/image\\\/\",\"url\":\"https:\\\/\\\/www.tamasiwaldorfovoda.hu\\\/wp-content\\\/uploads\\\/2026\\\/02\\\/two_logo.jpg\",\"contentUrl\":\"https:\\\/\\\/www.tamasiwaldorfovoda.hu\\\/wp-content\\\/uploads\\\/2026\\\/02\\\/two_logo.jpg\",\"width\":1104,\"height\":402,\"caption\":\"Tam\u00e1si Waldorf \u00d3voda\"},\"image\":{\"@id\":\"https:\\\/\\\/www.tamasiwaldorfovoda.hu\\\/#\\\/schema\\\/logo\\\/image\\\/\"}}]}<\/script>\n<!-- \/ Yoast SEO plugin. -->","yoast_head_json":{"title":"Napi ritmus - Tam\u00e1si Waldorf \u00d3voda","robots":{"index":"index","follow":"follow","max-snippet":"max-snippet:-1","max-image-preview":"max-image-preview:large","max-video-preview":"max-video-preview:-1"},"canonical":"https:\/\/www.tamasiwaldorfovoda.hu\/index.php\/napi-ritmus\/","og_locale":"hu_HU","og_type":"article","og_title":"Napi ritmus - Tam\u00e1si Waldorf \u00d3voda","og_description":"Szabad j\u00e1t\u00e9k T\u00edz\u00f3rai k\u00e9sz\u00edt\u00e9s Munka jelleg\u0171 feladatok Reggeli k\u00f6r Udvari tev\u00e9kenys\u00e9g Erd\u0151j\u00e1r\u00e1s Mese-dramatikus j\u00e1t\u00e9k M\u0171v\u00e9szeti tev\u00e9kenys\u00e9gek Term\u00e9nybetakar\u00edt\u00e1s A heti \u00e9s napi feladataink az \u00e9vk\u00f6rnek megfelel\u0151 tev\u00e9kenys\u00e9gekkel kieg\u00e9sz\u00fcl. A gyermekek sz\u00fclet\u00e9snapj\u00e1t n\u00e9gy \u00e9ves kort\u00f3l \u00fcnnepelj\u00fck.","og_url":"https:\/\/www.tamasiwaldorfovoda.hu\/index.php\/napi-ritmus\/","og_site_name":"Tam\u00e1si Waldorf \u00d3voda","article_modified_time":"2026-02-01T16:39:33+00:00","og_image":[{"url":"https:\/\/tamasiwaldorfovoda.hu\/wp-content\/uploads\/2026\/02\/napi_ritmus_01.jpg","type":"","width":"","height":""}],"twitter_card":"summary_large_image","twitter_misc":{"Becs\u00fclt olvas\u00e1si id\u0151":"3 perc"},"schema":{"@context":"https:\/\/schema.org","@graph":[{"@type":"WebPage","@id":"https:\/\/www.tamasiwaldorfovoda.hu\/index.php\/napi-ritmus\/","url":"https:\/\/www.tamasiwaldorfovoda.hu\/index.php\/napi-ritmus\/","name":"Napi ritmus - Tam\u00e1si Waldorf \u00d3voda","isPartOf":{"@id":"https:\/\/www.tamasiwaldorfovoda.hu\/#website"},"primaryImageOfPage":{"@id":"https:\/\/www.tamasiwaldorfovoda.hu\/index.php\/napi-ritmus\/#primaryimage"},"image":{"@id":"https:\/\/www.tamasiwaldorfovoda.hu\/index.php\/napi-ritmus\/#primaryimage"},"thumbnailUrl":"https:\/\/tamasiwaldorfovoda.hu\/wp-content\/uploads\/2026\/02\/napi_ritmus_01.jpg","datePublished":"2026-02-01T15:39:52+00:00","dateModified":"2026-02-01T16:39:33+00:00","breadcrumb":{"@id":"https:\/\/www.tamasiwaldorfovoda.hu\/index.php\/napi-ritmus\/#breadcrumb"},"inLanguage":"hu","potentialAction":[{"@type":"ReadAction","target":["https:\/\/www.tamasiwaldorfovoda.hu\/index.php\/napi-ritmus\/"]}]},{"@type":"ImageObject","inLanguage":"hu","@id":"https:\/\/www.tamasiwaldorfovoda.hu\/index.php\/napi-ritmus\/#primaryimage","url":"https:\/\/tamasiwaldorfovoda.hu\/wp-content\/uploads\/2026\/02\/napi_ritmus_01.jpg","contentUrl":"https:\/\/tamasiwaldorfovoda.hu\/wp-content\/uploads\/2026\/02\/napi_ritmus_01.jpg"},{"@type":"BreadcrumbList","@id":"https:\/\/www.tamasiwaldorfovoda.hu\/index.php\/napi-ritmus\/#breadcrumb","itemListElement":[{"@type":"ListItem","position":1,"name":"Kezd\u0151lap","item":"https:\/\/www.tamasiwaldorfovoda.hu\/"},{"@type":"ListItem","position":2,"name":"Napi ritmus"}]},{"@type":"WebSite","@id":"https:\/\/www.tamasiwaldorfovoda.hu\/#website","url":"https:\/\/www.tamasiwaldorfovoda.hu\/","name":"Tam\u00e1si Waldorf \u00d3voda","description":"&quot;Minden egyes gyermek individualit\u00e1sa, \u00e9nje egyetlen \u00e9s egyszeri, megism\u00e9telhetetlen.&quot;","publisher":{"@id":"https:\/\/www.tamasiwaldorfovoda.hu\/#organization"},"potentialAction":[{"@type":"SearchAction","target":{"@type":"EntryPoint","urlTemplate":"https:\/\/www.tamasiwaldorfovoda.hu\/?s={search_term_string}"},"query-input":{"@type":"PropertyValueSpecification","valueRequired":true,"valueName":"search_term_string"}}],"inLanguage":"hu"},{"@type":"Organization","@id":"https:\/\/www.tamasiwaldorfovoda.hu\/#organization","name":"Tam\u00e1si Waldorf \u00d3voda","url":"https:\/\/www.tamasiwaldorfovoda.hu\/","logo":{"@type":"ImageObject","inLanguage":"hu","@id":"https:\/\/www.tamasiwaldorfovoda.hu\/#\/schema\/logo\/image\/","url":"https:\/\/www.tamasiwaldorfovoda.hu\/wp-content\/uploads\/2026\/02\/two_logo.jpg","contentUrl":"https:\/\/www.tamasiwaldorfovoda.hu\/wp-content\/uploads\/2026\/02\/two_logo.jpg","width":1104,"height":402,"caption":"Tam\u00e1si Waldorf \u00d3voda"},"image":{"@id":"https:\/\/www.tamasiwaldorfovoda.hu\/#\/schema\/logo\/image\/"}}]}},"_links":{"self":[{"href":"https:\/\/www.tamasiwaldorfovoda.hu\/index.php\/wp-json\/wp\/v2\/pages\/45","targetHints":{"allow":["GET"]}}],"collection":[{"href":"https:\/\/www.tamasiwaldorfovoda.hu\/index.php\/wp-json\/wp\/v2\/pages"}],"about":[{"href":"https:\/\/www.tamasiwaldorfovoda.hu\/index.php\/wp-json\/wp\/v2\/types\/page"}],"author":[{"embeddable":true,"href":"https:\/\/www.tamasiwaldorfovoda.hu\/index.php\/wp-json\/wp\/v2\/users\/2"}],"replies":[{"embeddable":true,"href":"https:\/\/www.tamasiwaldorfovoda.hu\/index.php\/wp-json\/wp\/v2\/comments?post=45"}],"version-history":[{"count":2,"href":"https:\/\/www.tamasiwaldorfovoda.hu\/index.php\/wp-json\/wp\/v2\/pages\/45\/revisions"}],"predecessor-version":[{"id":106,"href":"https:\/\/www.tamasiwaldorfovoda.hu\/index.php\/wp-json\/wp\/v2\/pages\/45\/revisions\/106"}],"wp:attachment":[{"href":"https:\/\/www.tamasiwaldorfovoda.hu\/index.php\/wp-json\/wp\/v2\/media?parent=45"}],"curies":[{"name":"wp","href":"https:\/\/api.w.org\/{rel}","templated":true}]}}